{"id":19,"date":"2012-11-28T22:49:02","date_gmt":"2012-11-28T20:49:02","guid":{"rendered":"http:\/\/www.ebendorf.at\/\/?page_id=19"},"modified":"2012-12-15T21:22:17","modified_gmt":"2012-12-15T19:22:17","slug":"downloads","status":"publish","type":"page","link":"http:\/\/www.ebendorf.at\/?page_id=19","title":{"rendered":"Downloads"},"content":{"rendered":"<h1><a href=\"http:\/\/www.ebendorf.at\/\/?attachment_id=77\" rel=\"attachment wp-att-77\"><img decoding=\"async\" loading=\"lazy\" class=\"alignright size-full wp-image-77\" alt=\"Bildschirmschoner Miniatur\" src=\"http:\/\/www.ebendorf.at\/\/wp-content\/uploads\/2012\/11\/img_screensaver.jpg\" width=\"181\" height=\"164\" \/><\/a>Bildschirmschoner<\/h1>\n<p>Ebendorf in Bildern auf Ihrem Bildschirm &#8211; <a href=\"http:\/\/www.ebendorf.at\/dir_downloads\/scr_ebendorf.zip\" target=\"_blank\">hier herunterladen<\/a>!<\/p>\n<h2>Installationsleitfaden<\/h2>\n<ol>\n<li>Download des Bildschirmschoners in ein beliebiges Verzeichnis<\/li>\n<li>Entpacken der gespeicherten Datei<br \/>\n<em><span style=\"color: #999999;\">(bei den meisten Programm funktioniert das, indem Sie die Datei mit der rechten Maustaste anklicken und im aufklappenden Men\u00fc &#8222;Hier entpacken..&#8220; oder \u00e4hnliches ausw\u00e4hlen)<\/span><\/em><\/li>\n<li>Auf das entpackte File mit der rechten Maustaste klicken und im Men\u00fc &#8222;Installieren&#8220; ausw\u00e4hlen<\/li>\n<\/ol>\n<h1>Wappen<\/h1>\n<p><a href=\"http:\/\/www.ebendorf.at\/\/wp-content\/uploads\/2012\/12\/img_wappenwein.jpg\"><img decoding=\"async\" loading=\"lazy\" alt=\"Ebendorfwappen mit Weinst\u00f6cken\" src=\"http:\/\/www.ebendorf.at\/\/wp-content\/uploads\/2012\/12\/img_wappenwein-150x150.jpg\" width=\"150\" height=\"150\" \/><\/a><a href=\"http:\/\/www.ebendorf.at\/\/wp-content\/uploads\/2012\/12\/img_wappenbienen.jpg\"><img decoding=\"async\" loading=\"lazy\" alt=\"Ebendorfwappen mit Bienenst\u00f6cken\" src=\"http:\/\/www.ebendorf.at\/\/wp-content\/uploads\/2012\/12\/img_wappenbienen-150x150.jpg\" width=\"150\" height=\"150\" \/><\/a><\/p>\n","protected":false},"excerpt":{"rendered":"<p>Bildschirmschoner Ebendorf in Bildern auf Ihrem Bildschirm &#8211; hier herunterladen! Installationsleitfaden Download des Bildschirmschoners in ein beliebiges Verzeichnis Entpacken der gespeicherten Datei (bei den meisten Programm funktioniert das, indem Sie die Datei mit der rechten Maustaste anklicken und im aufklappenden &hellip; <a href=\"http:\/\/www.ebendorf.at\/?page_id=19\">Weiterlesen <span class=\"meta-nav\">&rarr;<\/span><\/a><\/p>\n","protected":false},"author":1,"featured_media":0,"parent":0,"menu_order":0,"comment_status":"closed","ping_status":"closed","template":"onecolumn-page.php","meta":[],"_links":{"self":[{"href":"http:\/\/www.ebendorf.at\/index.php?rest_route=\/wp\/v2\/pages\/19"}],"collection":[{"href":"http:\/\/www.ebendorf.at\/index.php?rest_route=\/wp\/v2\/pages"}],"about":[{"href":"http:\/\/www.ebendorf.at\/index.php?rest_route=\/wp\/v2\/types\/page"}],"author":[{"embeddable":true,"href":"http:\/\/www.ebendorf.at\/index.php?rest_route=\/wp\/v2\/users\/1"}],"replies":[{"embeddable":true,"href":"http:\/\/www.ebendorf.at\/index.php?rest_route=%2Fwp%2Fv2%2Fcomments&post=19"}],"version-history":[{"count":12,"href":"http:\/\/www.ebendorf.at\/index.php?rest_route=\/wp\/v2\/pages\/19\/revisions"}],"predecessor-version":[{"id":78,"href":"http:\/\/www.ebendorf.at\/index.php?rest_route=\/wp\/v2\/pages\/19\/revisions\/78"}],"wp:attachment":[{"href":"http:\/\/www.ebendorf.at\/index.php?rest_route=%2Fwp%2Fv2%2Fmedia&parent=19"}],"curies":[{"name":"wp","href":"https:\/\/api.w.org\/{rel}","templated":true}]}}